{"id":405,"date":"2025-10-30T20:00:33","date_gmt":"2025-10-30T20:00:33","guid":{"rendered":"https:\/\/forestgreen-quetzal-734989.hostingersite.com\/?page_id=405"},"modified":"2026-01-28T15:43:29","modified_gmt":"2026-01-28T15:43:29","slug":"acerca-de-nosotros","status":"publish","type":"page","link":"https:\/\/pwscolombia.com\/?page_id=405","title":{"rendered":"Acerca De Nosotros"},"content":{"rendered":"\t\t<div data-elementor-type=\"wp-page\" data-elementor-id=\"405\" class=\"elementor elementor-405\">\n\t\t\t\t<div class=\"elementor-element elementor-element-fd01606 e-con-full e-flex e-con e-parent\" data-id=\"fd01606\" data-element_type=\"container\" data-e-type=\"container\">\n\t\t\t\t<div class=\"elementor-element elementor-element-c077dd9 elementor-widget__width-inherit elementor-widget elementor-widget-shortcode\" data-id=\"c077dd9\" data-element_type=\"widget\" data-e-type=\"widget\" data-widget_type=\"shortcode.default\">\n\t\t\t\t\t\t\t<div class=\"elementor-shortcode\">\t\t<div data-elementor-type=\"wp-post\" data-elementor-id=\"39\" class=\"elementor elementor-39\">\n\t\t\t\t<div class=\"elementor-element elementor-element-8297863 e-con-full e-flex e-con e-parent\" data-id=\"8297863\" data-element_type=\"container\" data-e-type=\"container\">\n\t\t<div class=\"elementor-element elementor-element-42f420b e-con-full e-flex e-con e-child\" data-id=\"42f420b\" data-element_type=\"container\" data-e-type=\"container\">\n\t\t\t\t<div class=\"elementor-element elementor-element-3d0e1ab elementor-widget elementor-widget-image\" data-id=\"3d0e1ab\" data-element_type=\"widget\" data-e-type=\"widget\" data-widget_type=\"image.default\">\n\t\t\t\t\t\t\t\t\t\t\t\t\t\t\t<img decoding=\"async\" width=\"160\" height=\"80\" src=\"https:\/\/pwscolombia.com\/wp-content\/uploads\/2025\/10\/pws-2.png\" class=\"attachment-medium_large size-medium_large wp-image-40\" alt=\"\" \/>\t\t\t\t\t\t\t\t\t\t\t\t\t\t\t<\/div>\n\t\t\t\t<\/div>\n\t\t<div class=\"elementor-element elementor-element-e645a84 e-con-full e-flex e-con e-child\" data-id=\"e645a84\" data-element_type=\"container\" data-e-type=\"container\">\n\t\t\t\t<div class=\"elementor-element elementor-element-98c6b3b elementor-widget elementor-widget-maxmegamenu\" data-id=\"98c6b3b\" data-element_type=\"widget\" data-e-type=\"widget\" data-widget_type=\"maxmegamenu.default\">\n\t\t\t\t<div class=\"elementor-widget-container\">\n\t\t\t\t\t<div id=\"mega-menu-wrap-primary\" class=\"mega-menu-wrap\"><div class=\"mega-menu-toggle\"><div class=\"mega-toggle-blocks-left\"><\/div><div class=\"mega-toggle-blocks-center\"><\/div><div class=\"mega-toggle-blocks-right\"><div class='mega-toggle-block mega-menu-toggle-animated-block mega-toggle-block-0' id='mega-toggle-block-0'><button aria-label=\"Toggle Menu\" class=\"mega-toggle-animated mega-toggle-animated-slider\" type=\"button\" aria-haspopup=\"true\" aria-expanded=\"false\" aria-controls=\"mega-menu-primary\">\n                  <span class=\"mega-toggle-animated-box\">\n                    <span class=\"mega-toggle-animated-inner\"><\/span>\n                  <\/span>\n                <\/button><\/div><\/div><\/div><ul id=\"mega-menu-primary\" class=\"mega-menu max-mega-menu mega-menu-horizontal mega-no-js\" data-event=\"hover_intent\" data-effect=\"fade_up\" data-effect-speed=\"200\" data-effect-mobile=\"slide_right\" data-effect-speed-mobile=\"200\" data-mobile-force-width=\"false\" data-second-click=\"go\" data-document-click=\"collapse\" data-vertical-behaviour=\"standard\" data-breakpoint=\"768\" data-unbind=\"true\" data-mobile-state=\"collapse_all\" data-mobile-direction=\"vertical\" data-hover-intent-timeout=\"300\" data-hover-intent-interval=\"100\"><li class=\"mega-menu-item mega-menu-item-type-post_type mega-menu-item-object-page mega-menu-item-home mega-align-bottom-left mega-menu-flyout mega-menu-item-400\" id=\"mega-menu-item-400\"><a class=\"mega-menu-link\" href=\"https:\/\/pwscolombia.com\/\">Home<\/a><\/li><li class=\"mega-menu-item mega-menu-item-type-custom mega-menu-item-object-custom mega-menu-item-has-children mega-menu-megamenu mega-menu-grid mega-align-bottom-left mega-menu-grid mega-menu-item-243\" id=\"mega-menu-item-243\"><a class=\"mega-menu-link\" href=\"#\" aria-expanded=\"false\" aria-controls=\"mega-sub-menu-243\">Productos y Servicios<span class=\"mega-indicator\" aria-hidden=\"true\"><\/span><\/a>\n<ul class=\"mega-sub-menu\" role='presentation' id='mega-sub-menu-243'>\n<li class=\"mega-menu-row\" id=\"mega-menu-243-0\">\n\t<ul class=\"mega-sub-menu\" style='--columns:12' role='presentation'>\n<li class=\"mega-menu-column mega-menu-columns-5-of-12\" style=\"--columns:12; --span:5\" id=\"mega-menu-243-0-0\">\n\t\t<ul class=\"mega-sub-menu\">\n<li class=\"mega-menu-item mega-menu-item-type-custom mega-menu-item-object-custom mega-menu-item-995\" id=\"mega-menu-item-995\"><a class=\"mega-menu-link\" href=\"#\"><b style=\"text-decoration: underline;text-decoration-color: orange;text-decoration-thickness: 4px;margin-bottom:20px\">PRODUCTOS<br><br><\/b><\/a><\/li><li class=\"mega-menu-item mega-menu-item-type-post_type mega-menu-item-object-page mega-menu-item-244\" id=\"mega-menu-item-244\"><a class=\"mega-menu-link\" href=\"https:\/\/pwscolombia.com\/?page_id=25\">Sistemas de Captaci\u00f3n de Agua del Aire<\/a><\/li><li class=\"mega-menu-item mega-menu-item-type-post_type mega-menu-item-object-page mega-menu-item-713\" id=\"mega-menu-item-713\"><a class=\"mega-menu-link\" href=\"https:\/\/pwscolombia.com\/?page_id=641\">Sistemas de Climatizaci\u00f3n<\/a><\/li><li class=\"mega-menu-item mega-menu-item-type-post_type mega-menu-item-object-page mega-menu-item-871\" id=\"mega-menu-item-871\"><a class=\"mega-menu-link\" href=\"https:\/\/pwscolombia.com\/?page_id=715\">M\u00f3dulos Solares de Alta Eficiencia<\/a><\/li><li class=\"mega-menu-item mega-menu-item-type-post_type mega-menu-item-object-page mega-menu-item-873\" id=\"mega-menu-item-873\"><a class=\"mega-menu-link\" href=\"https:\/\/pwscolombia.com\/?page_id=788\">Paneles Solares Livianos y Adaptables<\/a><\/li><li class=\"mega-menu-item mega-menu-item-type-post_type mega-menu-item-object-page mega-menu-item-868\" id=\"mega-menu-item-868\"><a class=\"mega-menu-link\" href=\"https:\/\/pwscolombia.com\/?page_id=841\">Agua de m\u00e1xima pureza<\/a><\/li>\t\t<\/ul>\n<\/li><li class=\"mega-menu-column mega-menu-columns-7-of-12\" style=\"--columns:12; --span:7\" id=\"mega-menu-243-0-1\">\n\t\t<ul class=\"mega-sub-menu\">\n<li class=\"mega-menu-item mega-menu-item-type-custom mega-menu-item-object-custom mega-menu-item-1013\" id=\"mega-menu-item-1013\"><a class=\"mega-menu-link\" href=\"#\"><b style=\"text-decoration: underline;text-decoration-color: orange;text-decoration-thickness: 4px;margin-bottom:20px\">SERVICIOS<br><br><\/b><\/a><\/li><li class=\"mega-menu-item mega-menu-item-type-post_type mega-menu-item-object-page mega-menu-item-890\" id=\"mega-menu-item-890\"><a class=\"mega-menu-link\" href=\"https:\/\/pwscolombia.com\/?page_id=874\">Mantenimiento de Generadores Atmosf\u00e9ricos de agua<\/a><\/li><li class=\"mega-menu-item mega-menu-item-type-post_type mega-menu-item-object-page mega-menu-item-1108\" id=\"mega-menu-item-1108\"><a class=\"mega-menu-link\" href=\"https:\/\/pwscolombia.com\/?page_id=891\">Servicio de Mantenimiento de Aires Acondicionados<\/a><\/li><li class=\"mega-menu-item mega-menu-item-type-post_type mega-menu-item-object-page mega-menu-item-974\" id=\"mega-menu-item-974\"><a class=\"mega-menu-link\" href=\"https:\/\/pwscolombia.com\/?page_id=920\">Servicio T\u00e9cnico para Paneles Solares R\u00edgidos<\/a><\/li><li class=\"mega-menu-item mega-menu-item-type-post_type mega-menu-item-object-page mega-menu-item-973\" id=\"mega-menu-item-973\"><a class=\"mega-menu-link\" href=\"https:\/\/pwscolombia.com\/?page_id=959\">Servicio T\u00e9cnico para Paneles Solares Flexibles<\/a><\/li><li class=\"mega-menu-item mega-menu-item-type-post_type mega-menu-item-object-page mega-menu-item-1107\" id=\"mega-menu-item-1107\"><a class=\"mega-menu-link\" href=\"https:\/\/pwscolombia.com\/?page_id=975\">Servicios de Consultor\u00eda en Gesti\u00f3n de Documentos<\/a><\/li><li class=\"mega-menu-item mega-menu-item-type-post_type mega-menu-item-object-page mega-menu-item-1110\" id=\"mega-menu-item-1110\"><a class=\"mega-menu-link\" href=\"https:\/\/pwscolombia.com\/?page_id=1072\">Servicios de Asesor\u00eda Tecnol\u00f3gica<\/a><\/li><li class=\"mega-menu-item mega-menu-item-type-post_type mega-menu-item-object-page mega-menu-item-1111\" id=\"mega-menu-item-1111\"><a class=\"mega-menu-link\" href=\"https:\/\/pwscolombia.com\/?page_id=1094\">Creaci\u00f3n y Desarrollo de Software Profesional<\/a><\/li><li class=\"mega-menu-item mega-menu-item-type-post_type mega-menu-item-object-page mega-menu-item-1123\" id=\"mega-menu-item-1123\"><a class=\"mega-menu-link\" href=\"https:\/\/pwscolombia.com\/?page_id=1115\">Conservaci\u00f3n Digital de Archivos y Documentos<\/a><\/li><li class=\"mega-menu-item mega-menu-item-type-post_type mega-menu-item-object-page mega-menu-item-1112\" id=\"mega-menu-item-1112\"><a class=\"mega-menu-link\" href=\"https:\/\/pwscolombia.com\/?page_id=1014\">Adquisici\u00f3n de Licencias Profesionales<\/a><\/li><li class=\"mega-menu-item mega-menu-item-type-post_type mega-menu-item-object-page mega-menu-item-1132\" id=\"mega-menu-item-1132\"><a class=\"mega-menu-link\" href=\"https:\/\/pwscolombia.com\/?page_id=1124\">Soporte T\u00e9cnico y Mesa de Ayuda<\/a><\/li>\t\t<\/ul>\n<\/li>\t<\/ul>\n<\/li><\/ul>\n<\/li><li class=\"mega-menu-item mega-menu-item-type-post_type mega-menu-item-object-page mega-align-bottom-left mega-menu-flyout mega-menu-item-410\" id=\"mega-menu-item-410\"><a class=\"mega-menu-link\" href=\"https:\/\/pwscolombia.com\/?page_id=405\">Acerca De Nosotros<\/a><\/li><li class=\"mega-menu-item mega-menu-item-type-post_type mega-menu-item-object-page mega-align-bottom-left mega-menu-flyout mega-menu-item-714\" id=\"mega-menu-item-714\"><a class=\"mega-menu-link\" href=\"https:\/\/pwscolombia.com\/?page_id=489\">Aliados<\/a><\/li><\/ul><button aria-controls=\"mega-menu-primary\" aria-label=\"Close\" class='mega-close'><\/button><\/div>\t\t\t\t<\/div>\n\t\t\t\t<\/div>\n\t\t\t\t<\/div>\n\t\t<div class=\"elementor-element elementor-element-d562b2e e-con-full e-grid e-con e-child\" data-id=\"d562b2e\" data-element_type=\"container\" data-e-type=\"container\">\n\t\t\t\t<div class=\"elementor-element elementor-element-0140515 elementor-widget elementor-widget-button\" data-id=\"0140515\" data-element_type=\"widget\" data-e-type=\"widget\" data-widget_type=\"button.default\">\n\t\t\t\t\t\t\t\t\t\t<a class=\"elementor-button elementor-button-link elementor-size-sm\" href=\"#\">\n\t\t\t\t\t\t<span class=\"elementor-button-content-wrapper\">\n\t\t\t\t\t\t\t\t\t<span class=\"elementor-button-text\">Cont\u00e1ctanos<\/span>\n\t\t\t\t\t<\/span>\n\t\t\t\t\t<\/a>\n\t\t\t\t\t\t\t\t<\/div>\n\t\t\t\t<\/div>\n\t\t\t\t<\/div>\n\t\t\t\t<\/div>\n\t\t<\/div>\n\t\t\t\t\t\t<\/div>\n\t\t\t\t<\/div>\n\t\t<div class=\"elementor-element elementor-element-0112a58 e-con-full e-grid e-con e-parent\" data-id=\"0112a58\" data-element_type=\"container\" data-e-type=\"container\" data-settings=\"{&quot;background_background&quot;:&quot;classic&quot;}\">\n\t\t<div class=\"elementor-element elementor-element-5355f98 e-con-full e-grid e-con e-child\" data-id=\"5355f98\" data-element_type=\"container\" data-e-type=\"container\">\n\t\t<div class=\"elementor-element elementor-element-6a7f900 e-con-full e-flex e-con e-child\" data-id=\"6a7f900\" data-element_type=\"container\" data-e-type=\"container\">\n\t\t\t\t<div class=\"elementor-element elementor-element-618f9d8 elementor-widget elementor-widget-heading\" data-id=\"618f9d8\" data-element_type=\"widget\" data-e-type=\"widget\" data-widget_type=\"heading.default\">\n\t\t\t\t\t<h2 class=\"elementor-heading-title elementor-size-default\">Acerca de nosotros<\/h2>\t\t\t\t<\/div>\n\t\t\t\t<div class=\"elementor-element elementor-element-5d95d8c elementor-widget elementor-widget-text-editor\" data-id=\"5d95d8c\" data-element_type=\"widget\" data-e-type=\"widget\" data-widget_type=\"text-editor.default\">\n\t\t\t\t\t\t\t\t\t<p>Trabajamos con compromiso en proyectos que generan valor para nuestros clientes<\/p>\t\t\t\t\t\t\t\t<\/div>\n\t\t\t\t<\/div>\n\t\t<div class=\"elementor-element elementor-element-dc54740 e-con-full e-flex e-con e-child\" data-id=\"dc54740\" data-element_type=\"container\" data-e-type=\"container\">\n\t\t\t\t<div class=\"elementor-element elementor-element-8beda28 elementor-invisible elementor-widget elementor-widget-image\" data-id=\"8beda28\" data-element_type=\"widget\" data-e-type=\"widget\" data-settings=\"{&quot;_animation&quot;:&quot;fadeIn&quot;}\" data-widget_type=\"image.default\">\n\t\t\t\t\t\t\t\t\t\t\t\t\t\t\t<img fetchpriority=\"high\" decoding=\"async\" width=\"867\" height=\"645\" src=\"https:\/\/pwscolombia.com\/wp-content\/uploads\/2025\/12\/empresarios.png\" class=\"attachment-large size-large wp-image-603\" alt=\"\" srcset=\"https:\/\/pwscolombia.com\/wp-content\/uploads\/2025\/12\/empresarios.png 867w, https:\/\/pwscolombia.com\/wp-content\/uploads\/2025\/12\/empresarios-300x223.png 300w, https:\/\/pwscolombia.com\/wp-content\/uploads\/2025\/12\/empresarios-768x571.png 768w\" sizes=\"(max-width: 867px) 100vw, 867px\" \/>\t\t\t\t\t\t\t\t\t\t\t\t\t\t\t<\/div>\n\t\t\t\t<\/div>\n\t\t\t\t<\/div>\n\t\t\t\t<\/div>\n\t\t<div class=\"elementor-element elementor-element-f9422c4 e-grid e-con-boxed e-con e-parent\" data-id=\"f9422c4\" data-element_type=\"container\" data-e-type=\"container\">\n\t\t\t\t\t<div class=\"e-con-inner\">\n\t\t<div class=\"elementor-element elementor-element-ca08da2 e-con-full e-flex e-con e-child\" data-id=\"ca08da2\" data-element_type=\"container\" data-e-type=\"container\">\n\t\t\t\t<div class=\"elementor-element elementor-element-600d24a elementor-widget elementor-widget-heading\" data-id=\"600d24a\" data-element_type=\"widget\" data-e-type=\"widget\" data-widget_type=\"heading.default\">\n\t\t\t\t\t<h2 class=\"elementor-heading-title elementor-size-default\">\u00bfQui\u00e9nes Somos?<\/h2>\t\t\t\t<\/div>\n\t\t\t\t<div class=\"elementor-element elementor-element-3a87af6 elementor-widget elementor-widget-image\" data-id=\"3a87af6\" data-element_type=\"widget\" data-e-type=\"widget\" data-widget_type=\"image.default\">\n\t\t\t\t\t\t\t\t\t\t\t\t\t\t\t<img decoding=\"async\" width=\"1024\" height=\"13\" src=\"https:\/\/pwscolombia.com\/wp-content\/uploads\/2025\/10\/line1-1-1024x13.png\" class=\"attachment-large size-large wp-image-265\" alt=\"\" srcset=\"https:\/\/pwscolombia.com\/wp-content\/uploads\/2025\/10\/line1-1-1024x13.png 1024w, https:\/\/pwscolombia.com\/wp-content\/uploads\/2025\/10\/line1-1-300x4.png 300w, https:\/\/pwscolombia.com\/wp-content\/uploads\/2025\/10\/line1-1-768x10.png 768w, https:\/\/pwscolombia.com\/wp-content\/uploads\/2025\/10\/line1-1.png 1394w\" sizes=\"(max-width: 1024px) 100vw, 1024px\" \/>\t\t\t\t\t\t\t\t\t\t\t\t\t\t\t<\/div>\n\t\t\t\t<div class=\"elementor-element elementor-element-32cfed5 elementor-widget elementor-widget-text-editor\" data-id=\"32cfed5\" data-element_type=\"widget\" data-e-type=\"widget\" data-widget_type=\"text-editor.default\">\n\t\t\t\t\t\t\t\t\t<p>Desde nuestros inicios, hemos trabajado con compromiso en proyectos que generan valor para nuestros clientes y promueven un impacto positivo en el entorno empresarial y ambiental. Hoy en d\u00eda, ofrecemos una amplia gama de servicios dise\u00f1ados para satisfacer las necesidades de nuestros aliados estrat\u00e9gicos.<\/p>\t\t\t\t\t\t\t\t<\/div>\n\t\t\t\t<\/div>\n\t\t\t\t<div class=\"elementor-element elementor-element-51b6125 elementor-invisible elementor-widget elementor-widget-image\" data-id=\"51b6125\" data-element_type=\"widget\" data-e-type=\"widget\" data-settings=\"{&quot;_animation&quot;:&quot;fadeInRight&quot;}\" data-widget_type=\"image.default\">\n\t\t\t\t\t\t\t\t\t\t\t\t\t\t\t<img loading=\"lazy\" decoding=\"async\" width=\"637\" height=\"697\" src=\"https:\/\/pwscolombia.com\/wp-content\/uploads\/2025\/12\/airesytec.png\" class=\"attachment-large size-large wp-image-618\" alt=\"\" srcset=\"https:\/\/pwscolombia.com\/wp-content\/uploads\/2025\/12\/airesytec.png 637w, https:\/\/pwscolombia.com\/wp-content\/uploads\/2025\/12\/airesytec-274x300.png 274w\" sizes=\"(max-width: 637px) 100vw, 637px\" \/>\t\t\t\t\t\t\t\t\t\t\t\t\t\t\t<\/div>\n\t\t\t\t\t<\/div>\n\t\t\t\t<\/div>\n\t\t<div class=\"elementor-element elementor-element-ef33663 e-grid e-con-boxed e-con e-parent\" data-id=\"ef33663\" data-element_type=\"container\" data-e-type=\"container\" data-settings=\"{&quot;background_background&quot;:&quot;classic&quot;}\">\n\t\t\t\t\t<div class=\"e-con-inner\">\n\t\t<div class=\"elementor-element elementor-element-b1c7868 e-con-full e-flex elementor-invisible e-con e-child\" data-id=\"b1c7868\" data-element_type=\"container\" data-e-type=\"container\" data-settings=\"{&quot;background_background&quot;:&quot;classic&quot;,&quot;animation&quot;:&quot;fadeInRight&quot;}\">\n\t\t\t\t<div class=\"elementor-element elementor-element-0de6416 premium-lottie-svg elementor-widget elementor-widget-premium-lottie\" data-id=\"0de6416\" data-element_type=\"widget\" data-e-type=\"widget\" data-widget_type=\"premium-lottie.default\">\n\t\t\t\t\t\n\t\t<div class=\"premium-lottie-animation\" data-lottie-url=\"https:\/\/lottie.host\/392c79e4-10f0-4539-8956-e23bf878698e\/wHkZHVZyxl.json\" data-lottie-loop=\"true\" data-lottie-reverse=\"\" data-lottie-hover=\"\" data-lottie-speed=\"1\" data-lottie-render=\"svg\" data-lottie-delay=\"\">\n\t\t\t\t\t<\/div>\n\n\t\t\t\t\t\t<\/div>\n\t\t\t\t<div class=\"elementor-element elementor-element-c215f20 elementor-widget elementor-widget-heading\" data-id=\"c215f20\" data-element_type=\"widget\" data-e-type=\"widget\" data-widget_type=\"heading.default\">\n\t\t\t\t\t<h2 class=\"elementor-heading-title elementor-size-default\">Procesos<\/h2>\t\t\t\t<\/div>\n\t\t\t\t<div class=\"elementor-element elementor-element-755db19 elementor-widget elementor-widget-text-editor\" data-id=\"755db19\" data-element_type=\"widget\" data-e-type=\"widget\" data-widget_type=\"text-editor.default\">\n\t\t\t\t\t\t\t\t\t<p>Contamos con un equipo altamente calificado de profesionales con m\u00e1s de 10 a\u00f1os de experiencia, incluyendo ingenieros, t\u00e9cnicos y tecn\u00f3logos, quienes lideran y optimizan nuestros procesos para ofrecer el mejor servicio a nuestros clientes. Nos aseguramos de que cada etapa de nuestras operaciones se ejecute con precisi\u00f3n, eficiencia y compromiso, para garantizar la satisfacci\u00f3n y el \u00e9xito en cada proyecto.<\/p>\t\t\t\t\t\t\t\t<\/div>\n\t\t\t\t<\/div>\n\t\t<div class=\"elementor-element elementor-element-6d390a6 e-con-full e-flex elementor-invisible e-con e-child\" data-id=\"6d390a6\" data-element_type=\"container\" data-e-type=\"container\" data-settings=\"{&quot;background_background&quot;:&quot;classic&quot;,&quot;animation&quot;:&quot;fadeInRight&quot;}\">\n\t\t\t\t<div class=\"elementor-element elementor-element-c966f2f premium-lottie-svg elementor-widget elementor-widget-premium-lottie\" data-id=\"c966f2f\" data-element_type=\"widget\" data-e-type=\"widget\" data-widget_type=\"premium-lottie.default\">\n\t\t\t\t\t\n\t\t<div class=\"premium-lottie-animation\" data-lottie-url=\"https:\/\/lottie.host\/787814bb-f737-4463-a6e7-431e5ef2630c\/ZO9u7rjfEK.json\" data-lottie-loop=\"true\" data-lottie-reverse=\"\" data-lottie-hover=\"\" data-lottie-speed=\"1\" data-lottie-render=\"svg\" data-lottie-delay=\"\">\n\t\t\t\t\t<\/div>\n\n\t\t\t\t\t\t<\/div>\n\t\t\t\t<div class=\"elementor-element elementor-element-c266312 elementor-widget elementor-widget-heading\" data-id=\"c266312\" data-element_type=\"widget\" data-e-type=\"widget\" data-widget_type=\"heading.default\">\n\t\t\t\t\t<h2 class=\"elementor-heading-title elementor-size-default\">Nuestra Filosof\u00eda<\/h2>\t\t\t\t<\/div>\n\t\t\t\t<div class=\"elementor-element elementor-element-d9e7818 elementor-widget elementor-widget-text-editor\" data-id=\"d9e7818\" data-element_type=\"widget\" data-e-type=\"widget\" data-widget_type=\"text-editor.default\">\n\t\t\t\t\t\t\t\t\t<p>Nuestra filosof\u00eda se basa en ofrecer soluciones integrales y de alta calidad para satisfacer las necesidades de nuestros clientes, adapt\u00e1ndonos a las demandas del mercado y los est\u00e1ndares internacionales. Nos guiamos por principios de responsabilidad, excelencia y \u00e9tica profesional, siempre enfocados en superar las expectativas de quienes conf\u00edan en nosotros. Nuestro equipo humano es clave en esta misi\u00f3n, estando comprometidos con la mejora continua y la b\u00fasqueda de resultados excepcionales.<\/p>\t\t\t\t\t\t\t\t<\/div>\n\t\t\t\t<\/div>\n\t\t<div class=\"elementor-element elementor-element-4c5c406 e-con-full e-flex elementor-invisible e-con e-child\" data-id=\"4c5c406\" data-element_type=\"container\" data-e-type=\"container\" data-settings=\"{&quot;background_background&quot;:&quot;classic&quot;,&quot;animation&quot;:&quot;fadeInRight&quot;}\">\n\t\t\t\t<div class=\"elementor-element elementor-element-fbbb7f6 premium-lottie-svg elementor-widget elementor-widget-premium-lottie\" data-id=\"fbbb7f6\" data-element_type=\"widget\" data-e-type=\"widget\" data-widget_type=\"premium-lottie.default\">\n\t\t\t\t\t\n\t\t<div class=\"premium-lottie-animation\" data-lottie-url=\"https:\/\/lottie.host\/4dc8df7f-f175-45f7-ad9e-9880af8f955e\/O1od94PrL3.json\" data-lottie-loop=\"true\" data-lottie-reverse=\"\" data-lottie-hover=\"\" data-lottie-speed=\"1\" data-lottie-render=\"svg\" data-lottie-delay=\"\">\n\t\t\t\t\t<\/div>\n\n\t\t\t\t\t\t<\/div>\n\t\t\t\t<div class=\"elementor-element elementor-element-81aa95c elementor-widget elementor-widget-heading\" data-id=\"81aa95c\" data-element_type=\"widget\" data-e-type=\"widget\" data-widget_type=\"heading.default\">\n\t\t\t\t\t<h2 class=\"elementor-heading-title elementor-size-default\">Nuestro Objetivo<\/h2>\t\t\t\t<\/div>\n\t\t\t\t<div class=\"elementor-element elementor-element-2fb4e62 elementor-widget elementor-widget-text-editor\" data-id=\"2fb4e62\" data-element_type=\"widget\" data-e-type=\"widget\" data-widget_type=\"text-editor.default\">\n\t\t\t\t\t\t\t\t\t<p>Nuestro objetivo es consolidarnos como una empresa l\u00edder en la prestaci\u00f3n de servicios especializados, con una s\u00f3lida presencia a nivel nacional. Buscamos ofrecer soluciones innovadoras y de calidad, respaldadas por una estructura moderna y un equipo profesional altamente capacitado, para posicionarnos como uno de los referentes m\u00e1s prestigiosos del sector.<\/p>\t\t\t\t\t\t\t\t<\/div>\n\t\t\t\t<\/div>\n\t\t\t\t\t<\/div>\n\t\t\t\t<\/div>\n\t\t\t\t<\/div>\n\t\t","protected":false},"excerpt":{"rendered":"<p>Acerca de nosotros Trabajamos con compromiso en proyectos que generan valor para nuestros clientes \u00bfQui\u00e9nes Somos? Desde nuestros inicios, hemos [&hellip;]<\/p>\n","protected":false},"author":2,"featured_media":0,"parent":0,"menu_order":0,"comment_status":"closed","ping_status":"closed","template":"","meta":{"site-sidebar-layout":"no-sidebar","site-content-layout":"","ast-site-content-layout":"full-width-container","site-content-style":"default","site-sidebar-style":"default","ast-global-header-display":"","ast-banner-title-visibility":"","ast-main-header-display":"","ast-hfb-above-header-display":"","ast-hfb-below-header-display":"","ast-hfb-mobile-header-display":"","site-post-title":"disabled","ast-breadcrumbs-content":"","ast-featured-img":"disabled","footer-sml-layout":"","theme-transparent-header-meta":"","adv-header-id-meta":"","stick-header-meta":"","header-above-stick-meta":"","header-main-stick-meta":"","header-below-stick-meta":"","astra-migrate-meta-layouts":"default","ast-page-background-enabled":"default","ast-page-background-meta":{"desktop":{"background-color":"var(--ast-global-color-5)","background-image":"","background-repeat":"repeat","background-position":"center center","background-size":"auto","background-attachment":"scroll","background-type":"","background-media":"","overlay-type":"","overlay-color":"","overlay-opacity":"","overlay-gradient":""},"tablet":{"background-color":"","background-image":"","background-repeat":"repeat","background-position":"center center","background-size":"auto","background-attachment":"scroll","background-type":"","background-media":"","overlay-type":"","overlay-color":"","overlay-opacity":"","overlay-gradient":""},"mobile":{"background-color":"","background-image":"","background-repeat":"repeat","background-position":"center center","background-size":"auto","background-attachment":"scroll","background-type":"","background-media":"","overlay-type":"","overlay-color":"","overlay-opacity":"","overlay-gradient":""}},"ast-content-background-meta":{"desktop":{"background-color":"var(--ast-global-color-4)","background-image":"","background-repeat":"repeat","background-position":"center center","background-size":"auto","background-attachment":"scroll","background-type":"","background-media":"","overlay-type":"","overlay-color":"","overlay-opacity":"","overlay-gradient":""},"tablet":{"background-color":"var(--ast-global-color-4)","background-image":"","background-repeat":"repeat","background-position":"center center","background-size":"auto","background-attachment":"scroll","background-type":"","background-media":"","overlay-type":"","overlay-color":"","overlay-opacity":"","overlay-gradient":""},"mobile":{"background-color":"var(--ast-global-color-4)","background-image":"","background-repeat":"repeat","background-position":"center center","background-size":"auto","background-attachment":"scroll","background-type":"","background-media":"","overlay-type":"","overlay-color":"","overlay-opacity":"","overlay-gradient":""}},"footnotes":""},"class_list":["post-405","page","type-page","status-publish","hentry"],"_hostinger_reach_plugin_has_subscription_block":false,"_hostinger_reach_plugin_is_elementor":false,"_links":{"self":[{"href":"https:\/\/pwscolombia.com\/index.php?rest_route=\/wp\/v2\/pages\/405","targetHints":{"allow":["GET"]}}],"collection":[{"href":"https:\/\/pwscolombia.com\/index.php?rest_route=\/wp\/v2\/pages"}],"about":[{"href":"https:\/\/pwscolombia.com\/index.php?rest_route=\/wp\/v2\/types\/page"}],"author":[{"embeddable":true,"href":"https:\/\/pwscolombia.com\/index.php?rest_route=\/wp\/v2\/users\/2"}],"replies":[{"embeddable":true,"href":"https:\/\/pwscolombia.com\/index.php?rest_route=%2Fwp%2Fv2%2Fcomments&post=405"}],"version-history":[{"count":61,"href":"https:\/\/pwscolombia.com\/index.php?rest_route=\/wp\/v2\/pages\/405\/revisions"}],"predecessor-version":[{"id":1331,"href":"https:\/\/pwscolombia.com\/index.php?rest_route=\/wp\/v2\/pages\/405\/revisions\/1331"}],"wp:attachment":[{"href":"https:\/\/pwscolombia.com\/index.php?rest_route=%2Fwp%2Fv2%2Fmedia&parent=405"}],"curies":[{"name":"wp","href":"https:\/\/api.w.org\/{rel}","templated":true}]}}